{"id":16,"date":"2017-07-27T02:43:42","date_gmt":"2017-07-27T00:43:42","guid":{"rendered":"http:\/\/cocktaildevie.com\/?page_id=16"},"modified":"2023-05-17T15:59:19","modified_gmt":"2023-05-17T13:59:19","slug":"accueil","status":"publish","type":"page","link":"https:\/\/cocktaildevie.com\/","title":{"rendered":"Hello"},"content":{"rendered":"\n<p>Bienvenue sur Cocktail de Vie ! Le site est en construction&#8230; Merci de votre compr\u00e9hension \ud83d\ude09 N&rsquo;h\u00e9sitez pas \u00e0 m&rsquo;envoyer un mail dans contact pour toutes questions. Je me ferais un plaisir de vous r\u00e9pondre au plus vite. D&rsquo;ici l\u00e0, bonne lecture et bonne d\u00e9gustation !<\/p>\n\n\n\n<figure class=\"wp-block-image size-large\"><img fetchpriority=\"high\" decoding=\"async\" width=\"1024\" height=\"1024\" src=\"http:\/\/cocktaildevie.com\/wp-content\/uploads\/2023\/05\/118412774_175343927480747_2009112565967712503_n-1024x1024.jpg\" alt=\"\" class=\"wp-image-110\" srcset=\"https:\/\/cocktaildevie.com\/wp-content\/uploads\/2023\/05\/118412774_175343927480747_2009112565967712503_n-1024x1024.jpg 1024w, https:\/\/cocktaildevie.com\/wp-content\/uploads\/2023\/05\/118412774_175343927480747_2009112565967712503_n-300x300.jpg 300w, https:\/\/cocktaildevie.com\/wp-content\/uploads\/2023\/05\/118412774_175343927480747_2009112565967712503_n-150x150.jpg 150w, https:\/\/cocktaildevie.com\/wp-content\/uploads\/2023\/05\/118412774_175343927480747_2009112565967712503_n-768x768.jpg 768w, https:\/\/cocktaildevie.com\/wp-content\/uploads\/2023\/05\/118412774_175343927480747_2009112565967712503_n-1200x1200.jpg 1200w, https:\/\/cocktaildevie.com\/wp-content\/uploads\/2023\/05\/118412774_175343927480747_2009112565967712503_n.jpg 1440w\" sizes=\"(max-width: 1024px) 100vw, 1024px\" \/><\/figure>\n","protected":false},"excerpt":{"rendered":"<p>Bienvenue sur Cocktail de Vie ! Le site est en construction&#8230; Merci de votre compr\u00e9hension \ud83d\ude09 N&rsquo;h\u00e9sitez pas \u00e0 m&rsquo;envoyer un mail dans contact pour toutes questions. Je me ferais &hellip; <\/p>\n","protected":false},"author":1,"featured_media":0,"parent":0,"menu_order":0,"comment_status":"closed","ping_status":"closed","template":"","meta":[],"_links":{"self":[{"href":"https:\/\/cocktaildevie.com\/index.php\/wp-json\/wp\/v2\/pages\/16"}],"collection":[{"href":"https:\/\/cocktaildevie.com\/index.php\/wp-json\/wp\/v2\/pages"}],"about":[{"href":"https:\/\/cocktaildevie.com\/index.php\/wp-json\/wp\/v2\/types\/page"}],"author":[{"embeddable":true,"href":"https:\/\/cocktaildevie.com\/index.php\/wp-json\/wp\/v2\/users\/1"}],"replies":[{"embeddable":true,"href":"https:\/\/cocktaildevie.com\/index.php\/wp-json\/wp\/v2\/comments?post=16"}],"version-history":[{"count":7,"href":"https:\/\/cocktaildevie.com\/index.php\/wp-json\/wp\/v2\/pages\/16\/revisions"}],"predecessor-version":[{"id":111,"href":"https:\/\/cocktaildevie.com\/index.php\/wp-json\/wp\/v2\/pages\/16\/revisions\/111"}],"wp:attachment":[{"href":"https:\/\/cocktaildevie.com\/index.php\/wp-json\/wp\/v2\/media?parent=16"}],"curies":[{"name":"wp","href":"https:\/\/api.w.org\/{rel}","templated":true}]}}